{"id":177,"date":"2025-10-28T12:55:04","date_gmt":"2025-10-28T12:55:04","guid":{"rendered":"https:\/\/www.fungive.si\/?page_id=177"},"modified":"2026-03-26T12:52:18","modified_gmt":"2026-03-26T12:52:18","slug":"o-projektu","status":"publish","type":"page","link":"https:\/\/www.fungive.si\/?page_id=177","title":{"rendered":"O projektu"},"content":{"rendered":"\n<p>Projekt ob\u010danske znanosti FungiVE \u2013 <em>Ve\u010d gliv ve\u010d pove<\/em>, je vezan na raziskovalni projekt <a href=\"https:\/\/www.nib.si\/component\/projects\/?view=project&amp;id=414\" data-type=\"link\" data-id=\"https:\/\/www.nib.si\/component\/projects\/?view=project&amp;id=414\">FungiMET<\/a>, v katerem preu\u010dujemo glive, ki poseljujejo solarne panele. Skupaj z ob\u010dani znanstveniki \u017eelimo pridobiti pilotne podatke o prisotnosti in koli\u010dini izbranih vrst gliv na slovenskih son\u010dnih panelih. K sodelovanju se lahko prijavi vsak, ki ima za vzor\u010denje na voljo <strong>varno dostopno<\/strong> son\u010dno elektrarno (na primer na tleh ali dovolj nizko na strehi). Ker lahko z molekularnimi metodami obdelamo omejeno \u0161tevilo vzorcev, bomo izmed vseh prijav sodelujo\u010de izbrale tako, da bomo pridobile lokacijsko \u010dimbolj raznovrstne podatke.<\/p>\n\n\n\n<div style=\"height:18px\" aria-hidden=\"true\" class=\"wp-block-spacer\"><\/div>\n\n\n\n<p>Prijave k sodelovanju bomo pri\u010dele zbirati v za\u010detku leta 2026. Izbrani prijavitelji bodo po zaprtju prijav obve\u0161\u010deni in pozvani da nam posredujejo naslov, na katerega jim bo poslan komplet za vzor\u010denje z navodili. Zbrane vzorce bodo nato poslali nazaj na Nacionalni in\u0161titut za biologijo (NIB). &nbsp;Vzor\u010denje bo potekalo v pomladnih mesecih leta 2026.<\/p>\n\n\n\n<div style=\"height:100px\" aria-hidden=\"true\" class=\"wp-block-spacer\"><\/div>\n\n\n\n<p class=\"has-large-font-size\"><strong>Aktivnosti projekta ob\u010danske znanosti in opis njihove realizacije<\/strong><\/p>\n\n\n\n<div style=\"height:45px\" aria-hidden=\"true\" class=\"wp-block-spacer\"><\/div>\n\n\n\n<p><strong>Priprava vsebin za spletno stran<\/strong><\/p>\n\n\n\n<p>Pripravili smo slede\u010de vsebine za spletno stran: opisali smo znanstvene in strokovne podlage za izvajanje projekta ob\u010danske znanosti, opredelili smo namen izvajanja projekta, pripravili smo navodila, kako se lahko ob\u010dani v aktivnosti projekta vklju\u010dijo. Po pripravi vsebin smopripravili osnutek spletne strani. Pripravili in obrazlo\u017eili smo kriterije, po katerih bomo izbirali solarne panele, ki bi bili najbolj primerni za vzor\u010denje. Poglaviten kriterij je enostavna dostopnost son\u010dnih panelov za vzor\u010denje. Dodatni kriteriji bodo lokacija solarnih panelov, da bi zagotoviti \u010dim ve\u010djo razpr\u0161enost zbiranja vzorcev po Sloveniji, starost solarnih panelov, pogostost \u010di\u0161\u010denja in orientacija.<\/p>\n\n\n\n<div style=\"height:67px\" aria-hidden=\"true\" class=\"wp-block-spacer\"><\/div>\n\n\n\n<p><strong>Priprava navodil za vzor\u010denje biofilmov na solarnih panelih in priprava kompletov za vzor\u010denje biofilmov s solarnih panelov<\/strong><\/p>\n\n\n\n<p>Pripravili smo natan\u010dna pisna navodila in video materail za vzor\u010denje biofilmov na povr\u0161inah solarnih panelov in za fotografiranje povr\u0161ine solarnih panelov. Pripravili bomo komplete za vzor\u010denje, ki jih bomo ob odprtju prijav po\u0161iljali zaiteresiranim lastnikom solarnih panelov. <\/p>\n\n\n\n<div style=\"height:46px\" aria-hidden=\"true\" class=\"wp-block-spacer\"><\/div>\n\n\n\n<p><strong>Vzpostavitev spletne strani<\/strong><\/p>\n\n\n\n<p>Vzpostavili smo spletno stran, na katero bomo nalo\u017eili vse prej pripravljene vsebine.<\/p>\n\n\n\n<div style=\"height:42px\" aria-hidden=\"true\" class=\"wp-block-spacer\"><\/div>\n\n\n\n<p><strong>Promocija projekta in poziv zainteresiranim lastnikom son\u010dnih panelov ter drugim zaiteresiranim ob\u010danom raziskovalcem za sodelovanje<\/strong><\/p>\n\n\n\n<p>Preko spletne strani, socialnih omre\u017eij in drugih primernih na\u010dinov obve\u0161\u010danja bomo lastnike solarnih panelov in druge zainteresirane ob\u010dane pozvali k sodelovanju v projektu ob\u010danske znanosti. Ob tem bomo opozorili, da bo za ustrezno kakovost rezultatov biofilme s solarnih panelov potrebno skrbno vzor\u010diti in posredovati potrebne podatke o panelih, saj bodo le ustrezni in zadostni podatki omogo\u010dili pravilno interpretacijo dobljenih rezultatov. Zainteresirane ob\u010dane raziskovalce bomo povabili, da nam posredujejo vpra\u0161anja in pobude v zvezi s projektom z namenom izbolj\u0161anja izvedbe projekta in doseganja bolj zanesljivih rezultatov.<\/p>\n\n\n\n<div style=\"height:52px\" aria-hidden=\"true\" class=\"wp-block-spacer\"><\/div>\n\n\n\n<figure class=\"wp-block-image size-full\"><img loading=\"lazy\" decoding=\"async\" width=\"2469\" height=\"295\" src=\"https:\/\/www.fungive.si\/wp-content\/uploads\/2026\/03\/LOGO-NIB-RGB.png\" alt=\"\" class=\"wp-image-355\"\/><\/figure>\n\n\n\n<div style=\"height:16px\" aria-hidden=\"true\" class=\"wp-block-spacer\"><\/div>\n\n\n\n<figure class=\"wp-block-image size-large\"><img loading=\"lazy\" decoding=\"async\" width=\"1024\" height=\"123\" src=\"https:\/\/www.fungive.si\/wp-content\/uploads\/2025\/11\/Vsi_logoti-1024x123.png\" alt=\"\" class=\"wp-image-295\" srcset=\"https:\/\/www.fungive.si\/wp-content\/uploads\/2025\/11\/Vsi_logoti-1024x123.png 1024w, https:\/\/www.fungive.si\/wp-content\/uploads\/2025\/11\/Vsi_logoti-300x36.png 300w, https:\/\/www.fungive.si\/wp-content\/uploads\/2025\/11\/Vsi_logoti-768x92.png 768w, https:\/\/www.fungive.si\/wp-content\/uploads\/2025\/11\/Vsi_logoti-1536x184.png 1536w, https:\/\/www.fungive.si\/wp-content\/uploads\/2025\/11\/Vsi_logoti-2048x246.png 2048w, https:\/\/www.fungive.si\/wp-content\/uploads\/2025\/11\/Vsi_logoti-600x72.png 600w\" sizes=\"auto, (max-width: 1024px) 100vw, 1024px\" \/><\/figure>\n\n\n\n<p><\/p>\n","protected":false},"excerpt":{"rendered":"<p>Projekt ob\u010danske znanosti FungiVE \u2013 Ve\u010d gliv ve\u010d pove, je vezan na raziskovalni projekt FungiMET, v katerem preu\u010dujemo glive, ki poseljujejo solarne panele. Skupaj z ob\u010dani znanstveniki \u017eelimo pridobiti pilotne podatke o prisotnosti in koli\u010dini izbranih vrst gliv na slovenskih son\u010dnih panelih. K sodelovanju se lahko prijavi vsak, ki ima [&hellip;]<\/p>\n","protected":false},"author":1,"featured_media":205,"parent":0,"menu_order":0,"comment_status":"closed","ping_status":"closed","template":"","meta":{"_themeisle_gutenberg_block_has_review":false,"footnotes":""},"class_list":["post-177","page","type-page","status-publish","has-post-thumbnail","hentry"],"_links":{"self":[{"href":"https:\/\/www.fungive.si\/index.php?rest_route=\/wp\/v2\/pages\/177","targetHints":{"allow":["GET"]}}],"collection":[{"href":"https:\/\/www.fungive.si\/index.php?rest_route=\/wp\/v2\/pages"}],"about":[{"href":"https:\/\/www.fungive.si\/index.php?rest_route=\/wp\/v2\/types\/page"}],"author":[{"embeddable":true,"href":"https:\/\/www.fungive.si\/index.php?rest_route=\/wp\/v2\/users\/1"}],"replies":[{"embeddable":true,"href":"https:\/\/www.fungive.si\/index.php?rest_route=%2Fwp%2Fv2%2Fcomments&post=177"}],"version-history":[{"count":7,"href":"https:\/\/www.fungive.si\/index.php?rest_route=\/wp\/v2\/pages\/177\/revisions"}],"predecessor-version":[{"id":361,"href":"https:\/\/www.fungive.si\/index.php?rest_route=\/wp\/v2\/pages\/177\/revisions\/361"}],"wp:featuredmedia":[{"embeddable":true,"href":"https:\/\/www.fungive.si\/index.php?rest_route=\/wp\/v2\/media\/205"}],"wp:attachment":[{"href":"https:\/\/www.fungive.si\/index.php?rest_route=%2Fwp%2Fv2%2Fmedia&parent=177"}],"curies":[{"name":"wp","href":"https:\/\/api.w.org\/{rel}","templated":true}]}}