{"id":31,"date":"2025-09-29T10:43:38","date_gmt":"2025-09-29T10:43:38","guid":{"rendered":"https:\/\/www.fungive.si\/?page_id=31"},"modified":"2026-03-26T12:49:24","modified_gmt":"2026-03-26T12:49:24","slug":"home","status":"publish","type":"page","link":"https:\/\/www.fungive.si\/","title":{"rendered":"Home"},"content":{"rendered":"\n<div class=\"wp-block-columns container is-layout-flex wp-container-core-columns-is-layout-28f84493 wp-block-columns-is-layout-flex\">\n<div class=\"wp-block-column col-md-5 is-layout-flow wp-block-column-is-layout-flow\">\n<h2 class=\"wp-block-heading has-text-align-center\">\u017divljenje je vsepovsod &#8211; tudi na tvojih son\u010dnih panelih! <\/h2>\n\n\n\n<p class=\"has-text-align-center\">Glive so mojstrice pre\u017eivetja \u2013 naseljujejo skoraj vsak koti\u010dek planeta, od tropskih gozdov do pu\u0161\u010dav, od ledenikov do solarnih panelov. Nekatere glive se izjemno dobro prilagajajo ekstremnim pogojem kot so zelo nizke ali zelo visoke temperature, su\u0161a in izpostavljenost mo\u010dnemu soncu. Tak\u0161ne glive poseljujejo son\u010dne panele. Ko se zdru\u017eijo v biofilme, ki jim omogo\u010dajo pre\u017eivetje, vplivajo na u\u010dinkovitost sodobnih energetskih sistemov.<\/p>\n\n\n\n<p class=\"has-text-align-center\">Namen projekta izvajanja ob\u010danske znanosti je pridobiti pilotne podatke o prisotnosti gliv na solarnih panelih v Sloveniji. Zbrani podatki bodo pripomogli k razumevanju vpliva gliv na u\u010dinkovitost solarnih panelov in bodo podlaga za razvoj re\u0161itev za prepre\u010devanje nastajanja biofilmov oziroma njihovo u\u010dinkovito odstranjevanje.<\/p>\n\n\n\n<div style=\"height:27px\" aria-hidden=\"true\" class=\"wp-block-spacer\"><\/div>\n\n\n\n<p class=\"has-text-align-center has-medium-font-size\"><strong>Zato potrebujemo tudi vas, da nam pomagate pri raziskovanju!<\/strong><\/p>\n\n\n\n<div style=\"height:23px\" aria-hidden=\"true\" class=\"wp-block-spacer\"><\/div>\n\n\n\n<div class=\"wp-block-buttons alignwide has-custom-font-size has-large-font-size is-content-justification-center is-layout-flex wp-container-core-buttons-is-layout-a89b3969 wp-block-buttons-is-layout-flex\">\n<div class=\"wp-block-button\"><a class=\"wp-block-button__link has-black-color has-text-color has-background has-link-color has-text-align-center wp-element-button\" href=\"https:\/\/www.fungive.si\/?page_id=74\" style=\"background-color:#e7c83c\" rel=\"\"><strong>Sodeluj v raziskavi<\/strong><\/a><\/div>\n<\/div>\n\n\n\n<div style=\"height:50px\" aria-hidden=\"true\" class=\"wp-block-spacer\"><\/div>\n\n\n<div class=\"wp-block-image\">\n<figure class=\"aligncenter size-full is-resized\"><img loading=\"lazy\" decoding=\"async\" width=\"2469\" height=\"295\" src=\"https:\/\/www.fungive.si\/wp-content\/uploads\/2026\/03\/LOGO-NIB-RGB.png\" alt=\"\" class=\"wp-image-355\" style=\"aspect-ratio:8.369920597851472;width:588px;height:auto\"\/><\/figure>\n<\/div><\/div>\n<\/div>\n\n\n\n<div style=\"height:26px\" aria-hidden=\"true\" class=\"wp-block-spacer\"><\/div>\n\n\n\n<p class=\"has-text-align-center\" style=\"font-size:28px\"><p class=\"has-text-align-center\" style=\"font-size:28px\"><em> <\/em><\/p><\/p>\n\n\n\n<p class=\"has-text-align-center\"><br><br><\/p>\n\n\n\n<p><\/p>\n","protected":false},"excerpt":{"rendered":"<p>\u017divljenje je vsepovsod &#8211; tudi na tvojih son\u010dnih panelih! Glive so mojstrice pre\u017eivetja \u2013 naseljujejo skoraj vsak koti\u010dek planeta, od tropskih gozdov do pu\u0161\u010dav, od ledenikov do solarnih panelov. Nekatere glive se izjemno dobro prilagajajo ekstremnim pogojem kot so zelo nizke ali zelo visoke temperature, su\u0161a in izpostavljenost mo\u010dnemu soncu. [&hellip;]<\/p>\n","protected":false},"author":1,"featured_media":56,"parent":0,"menu_order":0,"comment_status":"closed","ping_status":"closed","template":"","meta":{"_themeisle_gutenberg_block_has_review":false,"footnotes":""},"class_list":["post-31","page","type-page","status-publish","has-post-thumbnail","hentry"],"_links":{"self":[{"href":"https:\/\/www.fungive.si\/index.php?rest_route=\/wp\/v2\/pages\/31","targetHints":{"allow":["GET"]}}],"collection":[{"href":"https:\/\/www.fungive.si\/index.php?rest_route=\/wp\/v2\/pages"}],"about":[{"href":"https:\/\/www.fungive.si\/index.php?rest_route=\/wp\/v2\/types\/page"}],"author":[{"embeddable":true,"href":"https:\/\/www.fungive.si\/index.php?rest_route=\/wp\/v2\/users\/1"}],"replies":[{"embeddable":true,"href":"https:\/\/www.fungive.si\/index.php?rest_route=%2Fwp%2Fv2%2Fcomments&post=31"}],"version-history":[{"count":23,"href":"https:\/\/www.fungive.si\/index.php?rest_route=\/wp\/v2\/pages\/31\/revisions"}],"predecessor-version":[{"id":358,"href":"https:\/\/www.fungive.si\/index.php?rest_route=\/wp\/v2\/pages\/31\/revisions\/358"}],"wp:featuredmedia":[{"embeddable":true,"href":"https:\/\/www.fungive.si\/index.php?rest_route=\/wp\/v2\/media\/56"}],"wp:attachment":[{"href":"https:\/\/www.fungive.si\/index.php?rest_route=%2Fwp%2Fv2%2Fmedia&parent=31"}],"curies":[{"name":"wp","href":"https:\/\/api.w.org\/{rel}","templated":true}]}}