{"id":32,"date":"2025-09-29T10:43:38","date_gmt":"2025-09-29T10:43:38","guid":{"rendered":"https:\/\/www.fungive.si\/?page_id=32"},"modified":"2026-03-26T12:51:32","modified_gmt":"2026-03-26T12:51:32","slug":"contact","status":"publish","type":"page","link":"https:\/\/www.fungive.si\/?page_id=32","title":{"rendered":"Raziskuj z nami"},"content":{"rendered":"\n<div class=\"wp-block-group alignwide\"><div class=\"wp-block-group__inner-container is-layout-constrained wp-block-group-is-layout-constrained\">\n<div style=\"height:32px\" aria-hidden=\"true\" class=\"wp-block-spacer\"><\/div>\n\n\n\n<div class=\"wp-block-media-text is-stacked-on-mobile\" style=\"border-style:none;border-width:0px;border-radius:6px\"><figure class=\"wp-block-media-text__media\"><img loading=\"lazy\" decoding=\"async\" width=\"1024\" height=\"682\" src=\"https:\/\/www.fungive.si\/wp-content\/uploads\/2026\/01\/IMG_0486_obrezana-1024x682.jpg\" alt=\"\" class=\"wp-image-314 size-full\" srcset=\"https:\/\/www.fungive.si\/wp-content\/uploads\/2026\/01\/IMG_0486_obrezana-1024x682.jpg 1024w, https:\/\/www.fungive.si\/wp-content\/uploads\/2026\/01\/IMG_0486_obrezana-300x200.jpg 300w, https:\/\/www.fungive.si\/wp-content\/uploads\/2026\/01\/IMG_0486_obrezana-768x512.jpg 768w, https:\/\/www.fungive.si\/wp-content\/uploads\/2026\/01\/IMG_0486_obrezana-1536x1024.jpg 1536w, https:\/\/www.fungive.si\/wp-content\/uploads\/2026\/01\/IMG_0486_obrezana-2048x1365.jpg 2048w, https:\/\/www.fungive.si\/wp-content\/uploads\/2026\/01\/IMG_0486_obrezana-360x240.jpg 360w, https:\/\/www.fungive.si\/wp-content\/uploads\/2026\/01\/IMG_0486_obrezana-600x400.jpg 600w\" sizes=\"auto, (max-width: 1024px) 100vw, 1024px\" \/><\/figure><div class=\"wp-block-media-text__content\">\n<div style=\"height:47px\" aria-hidden=\"true\" class=\"wp-block-spacer\"><\/div>\n\n\n\n<p class=\"has-medium-font-size\">Smo Alexandra, \u0160pela, Pia in Mojca, skupina raziskovalk z Nacionalnega in\u0161tituta za biologijo, ki se ukvarja z meroslovjem v biologiji.<\/p>\n\n\n\n<div style=\"height:14px\" aria-hidden=\"true\" class=\"wp-block-spacer\"><\/div>\n\n\n\n<p class=\"has-medium-font-size\">V na\u0161em projektu <a href=\"https:\/\/www.nib.si\/component\/projects\/?view=project&amp;id=414\">FungiMET<\/a> smo razvile nove molekularne metode za zaznavanje in merjenje \u0161tevila dolo\u010denih vrst gliv, ki najpogosteje poseljujejo son\u010dne panele v Sloveniji.<\/p>\n\n\n\n<div style=\"height:30px\" aria-hidden=\"true\" class=\"wp-block-spacer\"><\/div>\n<\/div><\/div>\n\n\n\n<div style=\"height:27px\" aria-hidden=\"true\" class=\"wp-block-spacer\"><\/div>\n<\/div><\/div>\n\n\n\n<div class=\"wp-block-group alignwide\"><div class=\"wp-block-group__inner-container is-layout-constrained wp-block-group-is-layout-constrained\">\n<p class=\"has-text-align-center has-border-color has-white-border-color has-medium-font-size\">Razvite metode \u017eelimo uporabiti na vzorcih iz Slovenije ter raziskati sestavo glivnih biofilmov razli\u010dnih son\u010dnih panelov. Ima\u0161 ti ali tvoj znanec doma son\u010dni panel, do katerega lahko varno dostopa\u0161? <\/p>\n\n\n\n<div class=\"wp-block-buttons is-content-justification-center is-layout-flex wp-container-core-buttons-is-layout-a89b3969 wp-block-buttons-is-layout-flex\">\n<div class=\"wp-block-button\" id=\"Povezava-na-vprasalnik\"><a class=\"wp-block-button__link has-large-font-size has-custom-font-size wp-element-button\" href=\"https:\/\/www.fungive.si\/?page_id=74\" rel=\"https:\/\/www.fungive.si\/?page_id=76\">Sodeluj!<\/a><\/div>\n<\/div>\n\n\n\n<div style=\"height:40px\" aria-hidden=\"true\" class=\"wp-block-spacer\"><\/div>\n\n\n\n<p class=\"has-text-align-center has-border-color has-white-border-color has-medium-font-size\" style=\"border-width:23px;padding-top:0;padding-right:10rem;padding-bottom:0;padding-left:10rem\">\u017deli\u0161 izvedeti ve\u010d o ekstremofilnih glivah ter o tem kako biologi merimo mikroorganizme v laboratoriju? Preveri si ve\u010d v na\u0161i blog rubriki <strong><a href=\"https:\/\/www.fungive.si\/?page_id=33\" data-type=\"page\" data-id=\"33\">Zanimivosti<\/a><\/strong>.<br><\/p>\n<\/div><\/div>\n\n\n\n<div style=\"height:64px\" aria-hidden=\"true\" class=\"wp-block-spacer\"><\/div>\n\n\n<div class=\"wp-block-image\">\n<figure class=\"aligncenter size-large is-resized\" id=\"wp-block-themeisle-blocks-image-355a1b77\"><img loading=\"lazy\" decoding=\"async\" width=\"1024\" height=\"768\" src=\"https:\/\/www.fungive.si\/wp-content\/uploads\/2025\/10\/PC070514-1024x768.jpg\" alt=\"\" class=\"wp-image-68\" style=\"object-fit:cover;width:1700px;height:500px\" srcset=\"https:\/\/www.fungive.si\/wp-content\/uploads\/2025\/10\/PC070514-1024x768.jpg 1024w, https:\/\/www.fungive.si\/wp-content\/uploads\/2025\/10\/PC070514-scaled-600x450.jpg 600w, https:\/\/www.fungive.si\/wp-content\/uploads\/2025\/10\/PC070514-300x225.jpg 300w, https:\/\/www.fungive.si\/wp-content\/uploads\/2025\/10\/PC070514-768x576.jpg 768w, https:\/\/www.fungive.si\/wp-content\/uploads\/2025\/10\/PC070514-1536x1152.jpg 1536w, https:\/\/www.fungive.si\/wp-content\/uploads\/2025\/10\/PC070514-2048x1536.jpg 2048w\" sizes=\"auto, (max-width: 1024px) 100vw, 1024px\" \/><\/figure>\n<\/div>\n\n\n<div style=\"height:65px\" aria-hidden=\"true\" class=\"wp-block-spacer\"><\/div>\n\n\n<div class=\"wp-block-image\">\n<figure class=\"aligncenter size-full\"><img loading=\"lazy\" decoding=\"async\" width=\"2469\" height=\"295\" src=\"https:\/\/www.fungive.si\/wp-content\/uploads\/2026\/03\/LOGO-NIB-RGB.png\" alt=\"\" class=\"wp-image-355\"\/><\/figure>\n<\/div>\n\n\n<div style=\"height:37px\" aria-hidden=\"true\" class=\"wp-block-spacer\"><\/div>\n\n\n\n<figure class=\"wp-block-image size-large\"><img loading=\"lazy\" decoding=\"async\" width=\"1024\" height=\"123\" src=\"https:\/\/www.fungive.si\/wp-content\/uploads\/2025\/11\/Vsi_logoti-1-1024x123.png\" alt=\"\" class=\"wp-image-298\" srcset=\"https:\/\/www.fungive.si\/wp-content\/uploads\/2025\/11\/Vsi_logoti-1-1024x123.png 1024w, https:\/\/www.fungive.si\/wp-content\/uploads\/2025\/11\/Vsi_logoti-1-300x36.png 300w, https:\/\/www.fungive.si\/wp-content\/uploads\/2025\/11\/Vsi_logoti-1-768x92.png 768w, https:\/\/www.fungive.si\/wp-content\/uploads\/2025\/11\/Vsi_logoti-1-1536x184.png 1536w, https:\/\/www.fungive.si\/wp-content\/uploads\/2025\/11\/Vsi_logoti-1-2048x246.png 2048w, https:\/\/www.fungive.si\/wp-content\/uploads\/2025\/11\/Vsi_logoti-1-600x72.png 600w\" sizes=\"auto, (max-width: 1024px) 100vw, 1024px\" \/><\/figure>\n","protected":false},"excerpt":{"rendered":"<p>Smo Alexandra, \u0160pela, Pia in Mojca, skupina raziskovalk z Nacionalnega in\u0161tituta za biologijo, ki se ukvarja z meroslovjem v biologiji. V na\u0161em projektu FungiMET smo razvile nove molekularne metode za zaznavanje in merjenje \u0161tevila dolo\u010denih vrst gliv, ki najpogosteje poseljujejo son\u010dne panele v Sloveniji. Razvite metode \u017eelimo uporabiti na vzorcih [&hellip;]<\/p>\n","protected":false},"author":1,"featured_media":205,"parent":0,"menu_order":0,"comment_status":"closed","ping_status":"closed","template":"","meta":{"_themeisle_gutenberg_block_has_review":false,"footnotes":""},"class_list":["post-32","page","type-page","status-publish","has-post-thumbnail","hentry"],"_links":{"self":[{"href":"https:\/\/www.fungive.si\/index.php?rest_route=\/wp\/v2\/pages\/32","targetHints":{"allow":["GET"]}}],"collection":[{"href":"https:\/\/www.fungive.si\/index.php?rest_route=\/wp\/v2\/pages"}],"about":[{"href":"https:\/\/www.fungive.si\/index.php?rest_route=\/wp\/v2\/types\/page"}],"author":[{"embeddable":true,"href":"https:\/\/www.fungive.si\/index.php?rest_route=\/wp\/v2\/users\/1"}],"replies":[{"embeddable":true,"href":"https:\/\/www.fungive.si\/index.php?rest_route=%2Fwp%2Fv2%2Fcomments&post=32"}],"version-history":[{"count":30,"href":"https:\/\/www.fungive.si\/index.php?rest_route=\/wp\/v2\/pages\/32\/revisions"}],"predecessor-version":[{"id":360,"href":"https:\/\/www.fungive.si\/index.php?rest_route=\/wp\/v2\/pages\/32\/revisions\/360"}],"wp:featuredmedia":[{"embeddable":true,"href":"https:\/\/www.fungive.si\/index.php?rest_route=\/wp\/v2\/media\/205"}],"wp:attachment":[{"href":"https:\/\/www.fungive.si\/index.php?rest_route=%2Fwp%2Fv2%2Fmedia&parent=32"}],"curies":[{"name":"wp","href":"https:\/\/api.w.org\/{rel}","templated":true}]}}