{"id":74,"date":"2025-10-02T13:34:59","date_gmt":"2025-10-02T13:34:59","guid":{"rendered":"https:\/\/www.fungive.si\/?page_id=74"},"modified":"2026-03-26T12:45:52","modified_gmt":"2026-03-26T12:45:52","slug":"vprasalnik","status":"publish","type":"page","link":"https:\/\/www.fungive.si\/?page_id=74","title":{"rendered":"Sodeluj v raziskavi!"},"content":{"rendered":"<div class=\"wp-block-image\">\n<figure class=\"aligncenter size-full is-resized\"><img loading=\"lazy\" decoding=\"async\" width=\"1183\" height=\"1183\" src=\"https:\/\/www.fungive.si\/wp-content\/uploads\/2026\/03\/qrkoda_fugive_1ka.png\" alt=\"\" class=\"wp-image-335\" style=\"width:358px;height:auto\"\/><\/figure>\n<\/div>\n\n\n<p class=\"has-text-align-center\">Skeniraj QR kodo ali klikni <a href=\"https:\/\/1ka.arnes.si\/a\/ad394d8c\" data-type=\"link\" data-id=\"https:\/\/1ka.arnes.si\/a\/ad394d8c\"><strong>povezavo na prijavni vpra\u0161alnik<\/strong><\/a><\/p>\n\n\n\n<div style=\"height:69px\" aria-hidden=\"true\" class=\"wp-block-spacer\"><\/div>\n\n\n\n<p>Po podatkih portala Slovenski portal za fotovoltaiko je bilo v Sloveniji leta 2023 skoraj 50.000 son\u010dnih elektrarn, od tega ve\u010d kot 35.000 samooskrbnih. Na njihovo u\u010dinkovitost ne vplivata le prah in umazanija, temve\u010d tudi mikroorganizmi, predvsem glive in bakterije, ki na povr\u0161ini panelov tvorijo biofilme. Ti biofilmi pospe\u0161ujejo nabiranje delcev, ote\u017eujejo \u010di\u0161\u010denje panelov in lahko zmanj\u0161ujejo njihovo u\u010dinkovitost, na njihovo razra\u0161\u010danje pa vplivajo razli\u010dni dejavniki, od lokacije, okolice in starosti, do naklona in na\u010dina \u010di\u0161\u010denja panelov.<\/p>\n\n\n\n<p>&nbsp;V projektu ob\u010danske znanosti&nbsp;<strong>FungiVE \u2013 ve\u010d gliv ve\u010d pove<\/strong>&nbsp;\u017eelimo skupaj z lastniki son\u010dnih elektrarn zbrati vzorce biofilmov z razli\u010dnih lokacij po Sloveniji ter jih analizirati v laboratorijih Nacionalnega in\u0161tituta za biologijo. \u010ce ste lastnik son\u010dne elektrarne, vas vljudno vabimo, da izpolnite spodnjo anketo in se vklju\u010dite v raziskavo, s katero \u017eelimo bolje razumeti prisotnost ekstremofilnih gliv na son\u010dnih panelih ter njihov morebitni vpliv na delovanje elektrarn.<\/p>\n\n\n\n<p>V projektu \u017eelimo zbrati raznolik nabor vzorcev biofilmov s solarnih panelov s celotne Slovenije, zato je sodelovanje vas \u2013 ob\u010danov raziskovalcev \u2013 klju\u010dnega pomena. Med prijavljenimi bomo izbrali pribli\u017eno 50\u201370 lastnikov elektrarn, ki bodo prejeli vzor\u010devalne komplete.<strong> <a href=\"https:\/\/www.fungive.si\/?p=348\" data-type=\"link\" data-id=\"https:\/\/www.fungive.si\/?p=348\">Navodila za vzor\u010denje si lahko pogledate tukaj<\/a>.<\/strong> Va\u0161e sodelovanje nam bo pomagalo bolje razumeti, kako mikroorganizmi naseljujejo son\u010dne panele, kak\u0161en vpliv imajo lahko na njihovo delovanje ter kako se jih najla\u017eje znebiti.<\/p>\n\n\n\n<p class=\"has-text-align-left\" style=\"font-size:34px\">Kaj potrebujete za prijavo?<\/p>\n\n\n\n<p>Najpomembnej\u0161a stvar je seveda son\u010dna elektrarna oziroma en ali ve\u010d solarnih panelov. Ti morajo biti <strong>varno<\/strong> dostopni in ustrezati enemu od slede\u010dih kriterijev: 1) na ravni strehi z varnim dostopom, 2) do vi\u0161ine dveh metrov, dosegljivi s tal ali z nizke lestve, 3) do vi\u0161ine \u0161tirih metrov, dosegljivi s pomo\u010djo lestve in 4) do vi\u0161ine najve\u010d \u0161estih metrov, dostopni z lastno dvi\u017eno ko\u0161aro. <\/p>\n\n\n\n<p>Zanima nas tudi, v kak\u0161nem okolju je solarna elektrarna postavljena (mesto, vas, ob cesti, ob polju itd.), na kak\u0161ni nadmorski vi\u0161ini, kak\u0161en naklon imajo paneli, koliko so stari, kako pogosto in kako jih \u010distite ter podatki o materialu ali proizvajalcu. <br><br>Za izvedbo vzor\u010denja potrebujemo tudi va\u0161e osebne podatke &#8211; ime, priimek in naslov, na katerega vam bomo poslali vzor\u010devalni komplet ter e-po\u0161tni naslov, preko katerega vas bomo obve\u0161\u010dali o poteku raziskave. Ti podatki bodo varovani v skladu z zakonodajo in uporabljeni samo v zgoraj navedene namene. Ve\u010d o zbiranju osebnih podatkov si lahko preberete v obrazcu na tej <a href=\"https:\/\/www.fungive.si\/?page_id=323\" data-type=\"page\" data-id=\"323\"><strong>povezavi<\/strong><\/a>. Prav tako potrebujemo podatek o pribli\u017eni lokaciji izbrane son\u010dne elektrarne (po\u0161tna \u0161tevilka obmo\u010dja v katerem se nahaja). <br><br>\u010ce \u017eelite, nam lahko v prijavnem obrazcu posredujete tudi fotografijo izbrane solarne elektrarne, ki nam bo pomagala pri izbiri in pregledu okoljskih dejavnikov.<\/p>\n\n\n\n<div style=\"height:100px\" aria-hidden=\"true\" class=\"wp-block-spacer\"><\/div>\n\n\n\n<p>Ko boste na prijavo pripravljeni, lahko na tej povezavi ali preko QR kode dostopate do prijavnega obrazca. <br><\/p>\n\n\n<div class=\"wp-block-image\">\n<figure class=\"aligncenter size-full is-resized\"><img loading=\"lazy\" decoding=\"async\" width=\"1183\" height=\"1183\" src=\"https:\/\/www.fungive.si\/wp-content\/uploads\/2026\/03\/qrkoda_fugive_1ka.png\" alt=\"\" class=\"wp-image-335\" style=\"width:347px;height:auto\"\/><\/figure>\n<\/div>\n\n\n<p class=\"has-text-align-center\">Skeniraj QR kodo ali klikni <a href=\"https:\/\/1ka.arnes.si\/a\/ad394d8c\" data-type=\"link\" data-id=\"https:\/\/1ka.arnes.si\/a\/ad394d8c\"><strong>povezavo na prijavni vpra\u0161alnik<\/strong><\/a><\/p>\n\n\n\n<div style=\"height:29px\" aria-hidden=\"true\" class=\"wp-block-spacer\"><\/div>\n\n\n\n<p class=\"has-text-align-center\"><br>Za sodelovanje se vam lepo zahvaljujemo &#8211; brez vas nam ne bo uspelo. <\/p>\n\n\n\n<div style=\"height:69px\" aria-hidden=\"true\" class=\"wp-block-spacer\"><\/div>\n\n\n<div class=\"wp-block-image\">\n<figure class=\"aligncenter size-full\"><img loading=\"lazy\" decoding=\"async\" width=\"2469\" height=\"295\" src=\"https:\/\/www.fungive.si\/wp-content\/uploads\/2026\/03\/LOGO-NIB-RGB.png\" alt=\"\" class=\"wp-image-355\"\/><\/figure>\n<\/div>\n\n\n<p><\/p>\n","protected":false},"excerpt":{"rendered":"<p>Skeniraj QR kodo ali klikni povezavo na prijavni vpra\u0161alnik Po podatkih portala Slovenski portal za fotovoltaiko je bilo v Sloveniji leta 2023 skoraj 50.000 son\u010dnih elektrarn, od tega ve\u010d kot 35.000 samooskrbnih. Na njihovo u\u010dinkovitost ne vplivata le prah in umazanija, temve\u010d tudi mikroorganizmi, predvsem glive in bakterije, ki na [&hellip;]<\/p>\n","protected":false},"author":1,"featured_media":205,"parent":0,"menu_order":0,"comment_status":"closed","ping_status":"closed","template":"","meta":{"_themeisle_gutenberg_block_has_review":false,"footnotes":""},"class_list":["post-74","page","type-page","status-publish","has-post-thumbnail","hentry"],"_links":{"self":[{"href":"https:\/\/www.fungive.si\/index.php?rest_route=\/wp\/v2\/pages\/74","targetHints":{"allow":["GET"]}}],"collection":[{"href":"https:\/\/www.fungive.si\/index.php?rest_route=\/wp\/v2\/pages"}],"about":[{"href":"https:\/\/www.fungive.si\/index.php?rest_route=\/wp\/v2\/types\/page"}],"author":[{"embeddable":true,"href":"https:\/\/www.fungive.si\/index.php?rest_route=\/wp\/v2\/users\/1"}],"replies":[{"embeddable":true,"href":"https:\/\/www.fungive.si\/index.php?rest_route=%2Fwp%2Fv2%2Fcomments&post=74"}],"version-history":[{"count":16,"href":"https:\/\/www.fungive.si\/index.php?rest_route=\/wp\/v2\/pages\/74\/revisions"}],"predecessor-version":[{"id":357,"href":"https:\/\/www.fungive.si\/index.php?rest_route=\/wp\/v2\/pages\/74\/revisions\/357"}],"wp:featuredmedia":[{"embeddable":true,"href":"https:\/\/www.fungive.si\/index.php?rest_route=\/wp\/v2\/media\/205"}],"wp:attachment":[{"href":"https:\/\/www.fungive.si\/index.php?rest_route=%2Fwp%2Fv2%2Fmedia&parent=74"}],"curies":[{"name":"wp","href":"https:\/\/api.w.org\/{rel}","templated":true}]}}